{"id":77,"date":"2025-07-12T12:25:43","date_gmt":"2025-07-12T10:25:43","guid":{"rendered":"https:\/\/kulturverein-dirmingen.de\/?page_id=77"},"modified":"2025-07-12T14:00:28","modified_gmt":"2025-07-12T12:00:28","slug":"datenschutz","status":"publish","type":"page","link":"https:\/\/kulturverein-dirmingen.de\/?page_id=77","title":{"rendered":"Datenschutz"},"content":{"rendered":"\n<h2 class=\"wp-block-heading\">Wer bin Ich<\/h2>\n\n\n\n<p>Diese Seite wird zum Wohle des Ortsteil Dirmingen der Gemeinde Eppelborn, publiziert. Eine kommerzielle Nutzung findet nicht statt. Ziel dieser Seite ist, die Attraktivit\u00e4t von Dirmingen als Dorf \/ Ort zu heben und den Kulturverein Dirmingen zu heben. Die redaktionellen Beitr\u00e4ge werden von den Vorstandsmitgliedern des Kulturvereins Dirmingen geschrieben. <\/p>\n\n\n\n<p>Diese Seite erreicht man \u00fcber:<br>https:\/\/www.kulturverein-dirmingen.de<\/p>\n\n\n\n<h2 class=\"wp-block-heading\">Welche personenbezogenen Daten ich sammele und warum ich sie sammeln<\/h2>\n\n\n\n<h3 class=\"wp-block-heading\">Kommentare<\/h3>\n\n\n\n<p>Diese Seite hat&nbsp;Kommentarfunktionen zu verschiedenen Blogs freigeschaltet. Die Kommentare werden von der Redaktion vor der Freischaltung \u00fcberpr\u00fcft.&nbsp;Mit der Kommentarfunktion k\u00f6nnen Sie Blog-Beitr\u00e4ge kommentieren. Die Nutzung dieser Kommentarfunktion setzt die Eingabe eines Namens voraus, wobei Sie auch ein Pseudonym w\u00e4hlen k\u00f6nnen. Weiter ist die E-Mail-Adresse anzugeben. Die Angabe einer E-Mail-Adresse ist notwendig, damit die Kanzlei Ihnen evtl. Beanstandungen Ihrer Kommentare im Blog weiterleiten und Sie um eine Stellungnahme hierzu auffordern kann. Eine Nutzung der Kommentarfunktion durch Sie ist ohne diese Angaben nicht m\u00f6glich. Bei der Ver\u00f6ffentlichung Ihres Kommentars wird die von Ihnen angegebene E-Mail-Adresse gespeichert, aber nicht ver\u00f6ffentlicht. Ihr Name wird ver\u00f6ffentlicht, wenn Sie nicht unter Pseudonym geschrieben haben.<\/p>\n\n\n\n<h3 class=\"wp-block-heading\">Medien<\/h3>\n\n\n\n<p>Es werden keine Fotos mit einer EXIF-GPS-Standort-Ermittlung verwendet. Ich beachte die&nbsp; Bildrechte und Urheberrechte von Bildern und Fotos. Von Bildern die auf dieser Seite ver\u00f6ffentlicht werden, habe ich die Bildrechte, bzw. haben ich die Erlaubnis der Ver\u00f6ffentlichung durch den jeweiligen Urheber oder Nachkommen (bei Tod des Urhebers). Ich achte in h\u00f6chstem Ma\u00df das Recht von Kindern und ver\u00f6ffentliche keine Bilder ohne die schriftliche Erlaubnis der Erziehungsberechtigten. Besteht ein Einwand gegen ein Bild oder ein Foto, so kann man sich per E-Mail an die Redaktion wenden:&nbsp;<strong>kleinfranki@t-online.de<\/strong><\/p>\n\n\n\n<h3 class=\"wp-block-heading\">Kontaktformulare<\/h3>\n\n\n\n<p>Diese Seite hat&nbsp;<strong>keine<\/strong>&nbsp;Kontaktformulare. Eine Kontaktaufnahme findet nur per E-Mail, Telefon oder Telefax statt.<\/p>\n\n\n\n<h3 class=\"wp-block-heading\">Cookies<\/h3>\n\n\n\n<p>Wenn du einen Kommentar auf unserer Website schreibst, kann das eine Einwilligung sein, deinen Namen, E-Mail-Adresse und Website in Cookies zu speichern. Dies ist eine Komfortfunktion, damit du nicht, wenn du einen weiteren Kommentar schreibst, all diese Daten erneut eingeben musst. Diese Cookies werden ein Jahr lang gespeichert.<\/p>\n\n\n\n<p>Falls du ein Konto hast und dich auf dieser Website anmeldest, werden wir ein tempor\u00e4res Cookie setzen, um festzustellen, ob dein Browser Cookies akzeptiert. Dieses Cookie enth\u00e4lt keine personenbezogenen Daten und wird verworfen, wenn du deinen Browser schlie\u00dft.<\/p>\n\n\n\n<p>Wenn du dich anmeldest, werde ich einige Cookies einrichten, um deine Anmeldeinformationen und Anzeigeoptionen zu speichern. Anmelde-Cookies verfallen nach zwei Tagen und Cookies f\u00fcr die Anzeigeoptionen nach einem Jahr. Falls du bei der Anmeldung \u201eAngemeldet bleiben\u201c ausw\u00e4hlst, wird deine Anmeldung zwei Wochen lang aufrechterhalten. Mit der Abmeldung aus deinem Konto werden die Anmelde-Cookies gel\u00f6scht.<\/p>\n\n\n\n<p>Wenn du einen Artikel bearbeitest oder ver\u00f6ffentlichst, wird ein zus\u00e4tzlicher Cookie in deinem Browser gespeichert. Dieser Cookie enth\u00e4lt keine personenbezogenen Daten und verweist nur auf die Beitrags-ID des Artikels, den du gerade bearbeitet hast. Der Cookie verf\u00e4llt nach einem Tag.<\/p>\n\n\n\n<h3 class=\"wp-block-heading\">Eingebettete Inhalte von anderen Websites<\/h3>\n\n\n\n<p>Beitr\u00e4ge auf dieser Website k\u00f6nnen eingebettete Inhalte beinhalten (z.&nbsp;B. Videos, Bilder, Beitr\u00e4ge etc.). Eingebettete Inhalte von anderen Websites verhalten sich exakt so, als ob der Besucher die andere Website besucht h\u00e4tte.<\/p>\n\n\n\n<p>Diese Websites k\u00f6nnen Daten \u00fcber dich sammeln, Cookies benutzen, zus\u00e4tzliche Tracking-Dienste von Dritten einbetten und deine Interaktion mit diesem eingebetteten Inhalt aufzeichnen, inklusive deiner Interaktion mit dem eingebetteten Inhalt, falls du ein Konto hast und auf dieser Website angemeldet bist.<\/p>\n\n\n\n<h3 class=\"wp-block-heading\">Analysedienste<\/h3>\n\n\n\n<p><strong>Datenschutzerkl\u00e4rung f\u00fcr die Nutzung von Google Analytics<\/strong><br>Diese Website benutzt Google Analytics, einen Webanalysedienst der Google Inc. (\u201eGoogle\u201c). Google Analytics verwendet sog. \u201eCookies\u201c, Textdateien, die auf Ihrem Computer gespeichert werden und die eine Analyse der Benutzung der Website durch Sie erm\u00f6glichen. Die durch den Cookie erzeugten Informationen \u00fcber Ihre Benutzung dieser Website werden in der Regel an einen Server von Google in den USA \u00fcbertragen und dort gespeichert. Im Falle der Aktivierung der IP-Anonymisierung auf dieser Webseite wird Ihre IP-Adresse von Google jedoch innerhalb von Mitgliedstaaten der Europ\u00e4ischen Union oder in anderen Vertragsstaaten des Abkommens \u00fcber den Europ\u00e4ischen Wirtschaftsraum zuvor gek\u00fcrzt.<br>Nur in Ausnahmef\u00e4llen wird die volle IP-Adresse an einen Server von Google in den USA \u00fcbertragen und dort gek\u00fcrzt. Im Auftrag des Betreibers dieser Website wird Google diese Informationen benutzen, um Ihre Nutzung der Website auszuwerten, um Reports \u00fcber die Websiteaktivit\u00e4ten zusammenzustellen und um weitere mit der Websitenutzung und der Internetnutzung verbundene Dienstleistungen gegen\u00fcber dem Websitebetreiber zu erbringen. Die im Rahmen von Google Analytics von Ihrem Browser \u00fcbermittelte IP-Adresse wird nicht mit anderen Daten von Google zusammengef\u00fchrt.<br>Sie k\u00f6nnen die Speicherung der Cookies durch eine entsprechende Einstellung Ihrer Browser-Software verhindern; wir weisen Sie jedoch darauf hin, dass Sie in diesem Fall gegebenenfalls nicht s\u00e4mtliche Funktionen dieser Website vollumf\u00e4nglich werden nutzen k\u00f6nnen. Sie k\u00f6nnen dar\u00fcber hinaus die Erfassung der durch das Cookie erzeugten und auf Ihre Nutzung der Website bezogenen Daten (inkl. Ihrer IP-Adresse) an Google sowie die Verarbeitung dieser Daten durch Google verhindern, indem sie das unter dem folgenden Link verf\u00fcgbare Browser-Plugin herunterladen und installieren:<a href=\"http:\/\/tools.google.com\/dlpage\/gaoptout?hl=de\">http:\/\/tools.google.com\/dlpage\/gaoptout?hl=de<\/a>.<br><strong>Datenschutzerkl\u00e4rung f\u00fcr die Nutzung von Google +1<\/strong><br><em>Erfassung und Weitergabe von Informationen:<\/em><br>Mithilfe der Google +1-Schaltfl\u00e4che k\u00f6nnen Sie Informationen weltweit ver\u00f6ffentlichen. \u00fcber die Google +1-Schaltfl\u00e4che erhalten Sie und andere Nutzer personalisierte Inhalte von Google und unseren Partnern. Google speichert sowohl die Information, dass Sie f\u00fcr einen Inhalt +1 gegeben haben, als auch Informationen \u00fcber die Seite, die Sie beim Klicken auf +1 angesehen haben. Ihre +1 k\u00f6nnen als Hinweise zusammen mit Ihrem Profilnamen und Ihrem Foto in Google-Diensten, wie etwa in Suchergebnissen oder in Ihrem Google-Profil, oder an anderen Stellen auf Websites und Anzeigen im Internet eingeblendet werden.<br>Google zeichnet Informationen \u00fcber Ihre +1-Aktivit\u00e4ten auf, um die Google-Dienste f\u00fcr Sie und andere zu verbessern. Um die Google +1-Schaltfl\u00e4che verwenden zu k\u00f6nnen, ben\u00f6tigen Sie ein weltweit sichtbares, \u00f6ffentliches Google-Profil, das zumindest den f\u00fcr das Profil gew\u00e4hlten Namen enthalten muss. Dieser Name wird in allen Google-Diensten verwendet. In manchen F\u00e4llen kann dieser Name auch einen anderen Namen ersetzen, den Sie beim Teilen von Inhalten \u00fcber Ihr Google-Konto verwendet haben. Die Identit\u00e4t Ihres Google-Profils kann Nutzern angezeigt werden, die Ihre E-Mail-Adresse kennen oder \u00fcber andere identifizierende Informationen von Ihnen verf\u00fcgen.<\/p>\n\n\n\n<h3 class=\"wp-block-heading\">YouTube mit erweitertem Datenschutz<\/h3>\n\n\n\n<p>Diese Website bindet Videos der Website YouTube ein. Betreiber der Seiten ist die Google Ireland Limited (\u201eGoogle\u201c), Gordon House, Barrow Street, Dublin 4, Irland.<\/p>\n\n\n\n<p>Wir nutzen YouTube im erweiterten Datenschutzmodus. Dieser Modus bewirkt laut YouTube, dass YouTube keine Informationen \u00fcber die Besucher auf dieser Website speichert, bevor diese sich das Video ansehen. Die Weitergabe von Daten an YouTube-Partner wird durch den erweiterten Datenschutzmodus hingegen nicht zwingend ausgeschlossen. So stellt YouTube \u2013 unabh\u00e4ngig davon, ob Sie sich ein Video ansehen \u2013 eine Verbindung zum Google DoubleClick-Netzwerk her.<\/p>\n\n\n\n<p>Sobald Sie ein YouTube-Video auf dieser Website starten, wird eine Verbindung zu den Servern von YouTube hergestellt. Dabei wird dem YouTube-Server mitgeteilt, welche unserer Seiten Sie besucht haben. Wenn Sie in Ihrem YouTube-Account eingeloggt sind, erm\u00f6glichen Sie YouTube, Ihr Surfverhalten direkt Ihrem pers\u00f6nlichen Profil zuzuordnen. Dies k\u00f6nnen Sie verhindern, indem Sie sich aus Ihrem YouTube-Account ausloggen.<\/p>\n\n\n\n<p>Des Weiteren kann YouTube nach Starten eines Videos verschiedene Cookies auf Ihrem Endger\u00e4t speichern oder vergleichbare Wiedererkennungstechnologien (z.&nbsp;B. Device-Fingerprinting) einsetzen. Auf diese Weise kann YouTube Informationen \u00fcber Besucher dieser Website erhalten. Diese Informationen werden u.&nbsp;a. verwendet, um Videostatistiken zu erfassen, die Anwenderfreundlichkeit zu verbessern und Betrugsversuchen vorzubeugen.<\/p>\n\n\n\n<p>Gegebenenfalls k\u00f6nnen nach dem Start eines YouTube-Videos weitere Datenverarbeitungsvorg\u00e4nge ausgel\u00f6st werden, auf die wir keinen Einfluss haben.<\/p>\n\n\n\n<p>Die Nutzung von YouTube erfolgt im Interesse einer ansprechenden Darstellung unserer Online-Angebote. Dies stellt ein berechtigtes Interesse im Sinne von Art. 6 Abs. 1 lit. f DSGVO dar. Sofern eine entsprechende Einwilligung abgefragt wurde, erfolgt die Verarbeitung ausschlie\u00dflich auf Grundlage von Art. 6 Abs. 1 lit. a DSGVO und \u00a7 25 Abs. 1 TTDSG, soweit die Einwilligung die Speicherung von Cookies oder den Zugriff auf Informationen im Endger\u00e4t des Nutzers (z.&nbsp;B. Device-Fingerprinting) im Sinne des TTDSG umfasst. Die Einwilligung ist jederzeit widerrufbar.<\/p>\n\n\n\n<h3 class=\"wp-block-heading\">Mit wem wir deine Daten teilen<\/h3>\n\n\n\n<p>Ich werde keine Daten teilen, da diese Seite eine reine Informationsseite darstellt !<\/p>\n\n\n\n<h3 class=\"wp-block-heading\">Wie lange wir deine Daten speichern<\/h3>\n\n\n\n<p>Es findet auf der Internetseite keine Datenspeicherung statt.<\/p>\n\n\n\n<h3 class=\"wp-block-heading\">Deine Kontakt-Informationen<\/h3>\n\n\n\n<p>Da eine schriftliche Kontaktaufnahme nur per E-Mail oder Post m\u00f6glich ist, haben wir nur die Daten, in der betreffenden E-Mail \/ Post, zur Verf\u00fcgung. Diese werden nicht an Dritte weiter gegeben und dienen nur der Kommunikation mit dem Verfasser der E-Mail. Nach Erledigung des Vorgangs werden diese Kontaktdaten wieder gel\u00f6scht.<\/p>\n\n\n\n<h3 class=\"wp-block-heading\">Weitere Informationen<\/h3>\n\n\n\n<p>Die Seite https:\/\/www.Echta-Derminga.de ist eine&nbsp;<strong>private<\/strong>&nbsp;Seite und hat keinen kommerziellen Hintergrund.<\/p>\n","protected":false},"excerpt":{"rendered":"<p>Wer bin Ich Diese Seite wird zum Wohle des Ortsteil Dirmingen der Gemeinde Eppelborn, publiziert. Eine kommerzielle Nutzung findet nicht statt. Ziel dieser Seite ist, die Attraktivit\u00e4t von Dirmingen als Dorf \/ Ort zu heben und den Kulturverein Dirmingen zu&#8230; <a href=\"https:\/\/kulturverein-dirmingen.de\/?page_id=77\" class=\"readmore\">Weiterlesen<span class=\"screen-reader-text\">Datenschutz<\/span><span class=\"fa fa-angle-double-right\" aria-hidden=\"true\"><\/span><\/a><\/p>\n","protected":false},"author":3,"featured_media":0,"parent":0,"menu_order":0,"comment_status":"closed","ping_status":"closed","template":"","meta":{"footnotes":""},"class_list":["post-77","page","type-page","status-publish","hentry"],"_links":{"self":[{"href":"https:\/\/kulturverein-dirmingen.de\/index.php?rest_route=\/wp\/v2\/pages\/77","targetHints":{"allow":["GET"]}}],"collection":[{"href":"https:\/\/kulturverein-dirmingen.de\/index.php?rest_route=\/wp\/v2\/pages"}],"about":[{"href":"https:\/\/kulturverein-dirmingen.de\/index.php?rest_route=\/wp\/v2\/types\/page"}],"author":[{"embeddable":true,"href":"https:\/\/kulturverein-dirmingen.de\/index.php?rest_route=\/wp\/v2\/users\/3"}],"replies":[{"embeddable":true,"href":"https:\/\/kulturverein-dirmingen.de\/index.php?rest_route=%2Fwp%2Fv2%2Fcomments&post=77"}],"version-history":[{"count":4,"href":"https:\/\/kulturverein-dirmingen.de\/index.php?rest_route=\/wp\/v2\/pages\/77\/revisions"}],"predecessor-version":[{"id":173,"href":"https:\/\/kulturverein-dirmingen.de\/index.php?rest_route=\/wp\/v2\/pages\/77\/revisions\/173"}],"wp:attachment":[{"href":"https:\/\/kulturverein-dirmingen.de\/index.php?rest_route=%2Fwp%2Fv2%2Fmedia&parent=77"}],"curies":[{"name":"wp","href":"https:\/\/api.w.org\/{rel}","templated":true}]}}