{"id":216,"date":"2025-07-12T14:43:45","date_gmt":"2025-07-12T12:43:45","guid":{"rendered":"https:\/\/kulturverein-dirmingen.de\/?page_id=216"},"modified":"2025-07-13T13:51:28","modified_gmt":"2025-07-13T11:51:28","slug":"kultur-update","status":"publish","type":"page","link":"https:\/\/kulturverein-dirmingen.de\/?page_id=216","title":{"rendered":"Kultur update"},"content":{"rendered":"\n<p class=\"has-medium-font-size\"><strong>FKK- Klappstuhlkonzert der Gemeinde Eppelborn im Br\u00fchlpark<\/strong><\/p>\n\n\n\n<p class=\"has-medium-font-size\">Am Donnerstag, 05. Juni 2025 fand das erste FKK Klappstuhlkonzert der neuen Saison im Dirminger Br\u00fchlpark statt. Der Kulturverein Dirmingen sorgte, als Partner der Gemeinde Eppelborn, f\u00fcr die Verk\u00f6stigung der rund 400 Zuschauer. Die Band &#8222;The Beavers&#8220;, mit zwei echten Dirminger Jungs in ihren Reihen, trieben die Stimmung in Richtung Siedepunkt. Der Kulturverein Dirmingen m\u00f6chte sich beim Kulturamt der Gemeinde Eppelborn f\u00fcr die gute Zusammenarbeit bedanken. Es hat sich wieder mal bewiesen, dass der Br\u00fchlpark ein ganz besonders Ambiente f\u00fcr solche Veranstaltungen bietet. Ein gro\u00dfes Dankesch\u00f6n geht zudem an alle Besucherinnen und Besucher des diesj\u00e4hrigen Klappstuhlkonzertes in Dirmingen.<\/p>\n\n\n\n<div class=\"wp-block-columns is-layout-flex wp-container-core-columns-is-layout-9d6595d7 wp-block-columns-is-layout-flex\">\n<div class=\"wp-block-column is-layout-flow wp-block-column-is-layout-flow\">\n<figure class=\"wp-block-image size-large\"><img loading=\"lazy\" decoding=\"async\" width=\"1024\" height=\"768\" src=\"https:\/\/kulturverein-dirmingen.de\/wp-content\/uploads\/2025\/07\/504937849_1122784416548238_6762317596644594109_n-1-1024x768.jpg\" alt=\"\" class=\"wp-image-231\" srcset=\"https:\/\/kulturverein-dirmingen.de\/wp-content\/uploads\/2025\/07\/504937849_1122784416548238_6762317596644594109_n-1-1024x768.jpg 1024w, https:\/\/kulturverein-dirmingen.de\/wp-content\/uploads\/2025\/07\/504937849_1122784416548238_6762317596644594109_n-1-300x225.jpg 300w, https:\/\/kulturverein-dirmingen.de\/wp-content\/uploads\/2025\/07\/504937849_1122784416548238_6762317596644594109_n-1-768x576.jpg 768w, https:\/\/kulturverein-dirmingen.de\/wp-content\/uploads\/2025\/07\/504937849_1122784416548238_6762317596644594109_n-1-1536x1152.jpg 1536w, https:\/\/kulturverein-dirmingen.de\/wp-content\/uploads\/2025\/07\/504937849_1122784416548238_6762317596644594109_n-1.jpg 2048w\" sizes=\"auto, (max-width: 1024px) 100vw, 1024px\" \/><\/figure>\n<\/div>\n\n\n\n<div class=\"wp-block-column is-layout-flow wp-block-column-is-layout-flow\">\n<figure class=\"wp-block-image size-large\"><img loading=\"lazy\" decoding=\"async\" width=\"1024\" height=\"768\" src=\"https:\/\/kulturverein-dirmingen.de\/wp-content\/uploads\/2025\/07\/504868976_1122784486548231_4721783887231024078_n-1024x768.jpg\" alt=\"\" class=\"wp-image-232\" srcset=\"https:\/\/kulturverein-dirmingen.de\/wp-content\/uploads\/2025\/07\/504868976_1122784486548231_4721783887231024078_n-1024x768.jpg 1024w, https:\/\/kulturverein-dirmingen.de\/wp-content\/uploads\/2025\/07\/504868976_1122784486548231_4721783887231024078_n-300x225.jpg 300w, https:\/\/kulturverein-dirmingen.de\/wp-content\/uploads\/2025\/07\/504868976_1122784486548231_4721783887231024078_n-768x576.jpg 768w, https:\/\/kulturverein-dirmingen.de\/wp-content\/uploads\/2025\/07\/504868976_1122784486548231_4721783887231024078_n-1536x1152.jpg 1536w, https:\/\/kulturverein-dirmingen.de\/wp-content\/uploads\/2025\/07\/504868976_1122784486548231_4721783887231024078_n.jpg 1600w\" sizes=\"auto, (max-width: 1024px) 100vw, 1024px\" \/><\/figure>\n<\/div>\n<\/div>\n\n\n\n<div class=\"wp-block-columns is-layout-flex wp-container-core-columns-is-layout-9d6595d7 wp-block-columns-is-layout-flex\">\n<div class=\"wp-block-column is-layout-flow wp-block-column-is-layout-flow\">\n<figure class=\"wp-block-image size-large\"><img loading=\"lazy\" decoding=\"async\" width=\"1024\" height=\"768\" src=\"https:\/\/kulturverein-dirmingen.de\/wp-content\/uploads\/2025\/07\/504886136_1122784299881583_2210740899959992755_n-1024x768.jpg\" alt=\"\" class=\"wp-image-233\" srcset=\"https:\/\/kulturverein-dirmingen.de\/wp-content\/uploads\/2025\/07\/504886136_1122784299881583_2210740899959992755_n-1024x768.jpg 1024w, https:\/\/kulturverein-dirmingen.de\/wp-content\/uploads\/2025\/07\/504886136_1122784299881583_2210740899959992755_n-300x225.jpg 300w, https:\/\/kulturverein-dirmingen.de\/wp-content\/uploads\/2025\/07\/504886136_1122784299881583_2210740899959992755_n-768x576.jpg 768w, https:\/\/kulturverein-dirmingen.de\/wp-content\/uploads\/2025\/07\/504886136_1122784299881583_2210740899959992755_n-1536x1152.jpg 1536w, https:\/\/kulturverein-dirmingen.de\/wp-content\/uploads\/2025\/07\/504886136_1122784299881583_2210740899959992755_n.jpg 2048w\" sizes=\"auto, (max-width: 1024px) 100vw, 1024px\" \/><\/figure>\n<\/div>\n\n\n\n<div class=\"wp-block-column is-layout-flow wp-block-column-is-layout-flow\">\n<figure class=\"wp-block-image size-large\"><img loading=\"lazy\" decoding=\"async\" width=\"1024\" height=\"771\" src=\"http:\/\/kulturverein-dirmingen.de\/wp-content\/uploads\/2025\/07\/WhatsApp-Image-2025-06-13-at-22.19.28-1024x771.jpeg\" alt=\"\" class=\"wp-image-17\" srcset=\"https:\/\/kulturverein-dirmingen.de\/wp-content\/uploads\/2025\/07\/WhatsApp-Image-2025-06-13-at-22.19.28-1024x771.jpeg 1024w, https:\/\/kulturverein-dirmingen.de\/wp-content\/uploads\/2025\/07\/WhatsApp-Image-2025-06-13-at-22.19.28-300x226.jpeg 300w, https:\/\/kulturverein-dirmingen.de\/wp-content\/uploads\/2025\/07\/WhatsApp-Image-2025-06-13-at-22.19.28-768x578.jpeg 768w, https:\/\/kulturverein-dirmingen.de\/wp-content\/uploads\/2025\/07\/WhatsApp-Image-2025-06-13-at-22.19.28-1536x1156.jpeg 1536w, https:\/\/kulturverein-dirmingen.de\/wp-content\/uploads\/2025\/07\/WhatsApp-Image-2025-06-13-at-22.19.28.jpeg 1600w\" sizes=\"auto, (max-width: 1024px) 100vw, 1024px\" \/><\/figure>\n<\/div>\n<\/div>\n\n\n\n<figure class=\"wp-block-image size-large\"><img loading=\"lazy\" decoding=\"async\" width=\"1024\" height=\"768\" src=\"https:\/\/kulturverein-dirmingen.de\/wp-content\/uploads\/2025\/07\/504830845_1122784166548263_3569964580857494266_n-1024x768.jpg\" alt=\"\" class=\"wp-image-235\" srcset=\"https:\/\/kulturverein-dirmingen.de\/wp-content\/uploads\/2025\/07\/504830845_1122784166548263_3569964580857494266_n-1024x768.jpg 1024w, https:\/\/kulturverein-dirmingen.de\/wp-content\/uploads\/2025\/07\/504830845_1122784166548263_3569964580857494266_n-300x225.jpg 300w, https:\/\/kulturverein-dirmingen.de\/wp-content\/uploads\/2025\/07\/504830845_1122784166548263_3569964580857494266_n-768x576.jpg 768w, https:\/\/kulturverein-dirmingen.de\/wp-content\/uploads\/2025\/07\/504830845_1122784166548263_3569964580857494266_n-1536x1152.jpg 1536w, https:\/\/kulturverein-dirmingen.de\/wp-content\/uploads\/2025\/07\/504830845_1122784166548263_3569964580857494266_n.jpg 2048w\" sizes=\"auto, (max-width: 1024px) 100vw, 1024px\" \/><\/figure>\n","protected":false},"excerpt":{"rendered":"<p>FKK- Klappstuhlkonzert der Gemeinde Eppelborn im Br\u00fchlpark Am Donnerstag, 05. Juni 2025 fand das erste FKK Klappstuhlkonzert der neuen Saison im Dirminger Br\u00fchlpark statt. Der Kulturverein Dirmingen sorgte, als Partner der Gemeinde Eppelborn, f\u00fcr die Verk\u00f6stigung der rund 400 Zuschauer&#8230;. <a href=\"https:\/\/kulturverein-dirmingen.de\/?page_id=216\" class=\"readmore\">Weiterlesen<span class=\"screen-reader-text\">Kultur update<\/span><span class=\"fa fa-angle-double-right\" aria-hidden=\"true\"><\/span><\/a><\/p>\n","protected":false},"author":3,"featured_media":0,"parent":0,"menu_order":0,"comment_status":"closed","ping_status":"closed","template":"","meta":{"footnotes":""},"class_list":["post-216","page","type-page","status-publish","hentry"],"_links":{"self":[{"href":"https:\/\/kulturverein-dirmingen.de\/index.php?rest_route=\/wp\/v2\/pages\/216","targetHints":{"allow":["GET"]}}],"collection":[{"href":"https:\/\/kulturverein-dirmingen.de\/index.php?rest_route=\/wp\/v2\/pages"}],"about":[{"href":"https:\/\/kulturverein-dirmingen.de\/index.php?rest_route=\/wp\/v2\/types\/page"}],"author":[{"embeddable":true,"href":"https:\/\/kulturverein-dirmingen.de\/index.php?rest_route=\/wp\/v2\/users\/3"}],"replies":[{"embeddable":true,"href":"https:\/\/kulturverein-dirmingen.de\/index.php?rest_route=%2Fwp%2Fv2%2Fcomments&post=216"}],"version-history":[{"count":3,"href":"https:\/\/kulturverein-dirmingen.de\/index.php?rest_route=\/wp\/v2\/pages\/216\/revisions"}],"predecessor-version":[{"id":237,"href":"https:\/\/kulturverein-dirmingen.de\/index.php?rest_route=\/wp\/v2\/pages\/216\/revisions\/237"}],"wp:attachment":[{"href":"https:\/\/kulturverein-dirmingen.de\/index.php?rest_route=%2Fwp%2Fv2%2Fmedia&parent=216"}],"curies":[{"name":"wp","href":"https:\/\/api.w.org\/{rel}","templated":true}]}}